{"id":615,"date":"2021-04-07T20:14:42","date_gmt":"2021-04-07T20:14:42","guid":{"rendered":"http:\/\/yougood.la\/recibir-apoyo\/"},"modified":"2021-04-20T21:03:50","modified_gmt":"2021-04-20T21:03:50","slug":"recibe-apoyo","status":"publish","type":"page","link":"https:\/\/yougood.la\/es\/recibe-apoyo\/","title":{"rendered":"Recibe Apoyo"},"content":{"rendered":"\n<h1 class=\"wp-block-heading\">Preguntas Frecuentes<\/h1>\n<h2> Preguntas sobre el formulario:<\/h2>\n\n<div class=\"wp-block-frequently-asked-questions\">\n  <div class=\"space-y-4\" data-controller=\"accordion\" data-accordion-reset>\n              <div class=\"dropdown text-black\" data-target=\"accordion.dropdown\">\n\t<button class=\"flex w-full text-left dropdown__heading\" data-action=\"accordion#toggle\">\n\t\t<span class=\"dropdown__arrow\" data-target=\"accordion.caret\" >\n\t\t\t<svg class=\"h-4 sm:h-5 mt-1 sm:mt-0 text-black fill-current\" xmlns=\"http:\/\/www.w3.org\/2000\/svg\" fill=\"none\" viewBox=\"0 0 24 24\">\n  <defs\/>\n  <path fill=\"currentColor\" d=\"M11 11V5h2v6h6v2h-6v6h-2v-6H5v-2h6z\"\/>\n<\/svg>\t\t<\/span>\n\t\t<span class=\"ml-4\"><div class=\"text-black faq-question\">Si lleno este formulario para pedir ayuda, \u00bfqui\u00e9n lo leer\u00e1 y tendr\u00e1 acceso a mi informaci\u00f3n? <\/div><\/span>\n\t<\/button>\n\t<div class=\"overflow-hidden transition-all duration-200 dropdown__panel max-h-0\" data-target=\"accordion.panel\" style=\"\"\">\n\t\t<div class=\"mt-1 text-black faq-answer\">\n          <p>Un miembro del personal recibir\u00e1 tu solicitud y la dirigir\u00e1 a nuestro personal, que est\u00e1 capacitado, y se asegurar\u00e1 de conectarte con los recursos que ayuden a resolver tus necesidades o las de tu familia o seres queridos.<\/p>\n\n        <\/div>\n\t<\/div>\n<\/div>\n          <div class=\"dropdown text-black\" data-target=\"accordion.dropdown\">\n\t<button class=\"flex w-full text-left dropdown__heading\" data-action=\"accordion#toggle\">\n\t\t<span class=\"dropdown__arrow\" data-target=\"accordion.caret\" >\n\t\t\t<svg class=\"h-4 sm:h-5 mt-1 sm:mt-0 text-black fill-current\" xmlns=\"http:\/\/www.w3.org\/2000\/svg\" fill=\"none\" viewBox=\"0 0 24 24\">\n  <defs\/>\n  <path fill=\"currentColor\" d=\"M11 11V5h2v6h6v2h-6v6h-2v-6H5v-2h6z\"\/>\n<\/svg>\t\t<\/span>\n\t\t<span class=\"ml-4\"><div class=\"text-black faq-question\">\u00bfSe compartir\u00e1 mi informaci\u00f3n con alguien que no es parte de las organizaciones de la campa\u00f1a \u00bfEst\u00e1s Bien?<\/div><\/span>\n\t<\/button>\n\t<div class=\"overflow-hidden transition-all duration-200 dropdown__panel max-h-0\" data-target=\"accordion.panel\" style=\"\"\">\n\t\t<div class=\"mt-1 text-black faq-answer\">\n          <p>La informaci\u00f3n no se compartir\u00e1 con entidades que no sean los socios de \u00bfEst\u00e1s Bien? sin tu previo consentimiento.<\/p>\n\n        <\/div>\n\t<\/div>\n<\/div>\n          <div class=\"dropdown text-black\" data-target=\"accordion.dropdown\">\n\t<button class=\"flex w-full text-left dropdown__heading\" data-action=\"accordion#toggle\">\n\t\t<span class=\"dropdown__arrow\" data-target=\"accordion.caret\" >\n\t\t\t<svg class=\"h-4 sm:h-5 mt-1 sm:mt-0 text-black fill-current\" xmlns=\"http:\/\/www.w3.org\/2000\/svg\" fill=\"none\" viewBox=\"0 0 24 24\">\n  <defs\/>\n  <path fill=\"currentColor\" d=\"M11 11V5h2v6h6v2h-6v6h-2v-6H5v-2h6z\"\/>\n<\/svg>\t\t<\/span>\n\t\t<span class=\"ml-4\"><div class=\"text-black faq-question\">Si lleno el formulario para solicitar apoyo, \u00bfqui\u00e9n me responder\u00e1? Qu\u00e9 organizaciones podr\u00edan proporcionarme apoyo o servicios a m\u00ed o a mi hijo\/a?<\/div><\/span>\n\t<\/button>\n\t<div class=\"overflow-hidden transition-all duration-200 dropdown__panel max-h-0\" data-target=\"accordion.panel\" style=\"\"\">\n\t\t<div class=\"mt-1 text-black faq-answer\">\n          <p>Un miembro del personal har\u00e1 un seguimiento, te dar\u00e1 informaci\u00f3n y te har\u00e1 saber los pr\u00f3ximos pasos en relaci\u00f3n con los programas solicitados y qu\u00e9 organizaci\u00f3n local te los podr\u00e1 brindar. <\/p>\n\n        <\/div>\n\t<\/div>\n<\/div>\n          <div class=\"dropdown text-black\" data-target=\"accordion.dropdown\">\n\t<button class=\"flex w-full text-left dropdown__heading\" data-action=\"accordion#toggle\">\n\t\t<span class=\"dropdown__arrow\" data-target=\"accordion.caret\" >\n\t\t\t<svg class=\"h-4 sm:h-5 mt-1 sm:mt-0 text-black fill-current\" xmlns=\"http:\/\/www.w3.org\/2000\/svg\" fill=\"none\" viewBox=\"0 0 24 24\">\n  <defs\/>\n  <path fill=\"currentColor\" d=\"M11 11V5h2v6h6v2h-6v6h-2v-6H5v-2h6z\"\/>\n<\/svg>\t\t<\/span>\n\t\t<span class=\"ml-4\"><div class=\"text-black faq-question\">Un miembro del personal har\u00e1 un seguimiento, te dar\u00e1 informaci\u00f3n y te har\u00e1 saber los pr\u00f3ximos pasos en relaci\u00f3n con los programas solicitados y qu\u00e9 organizaci\u00f3n local te los podr\u00e1 brindar. <\/div><\/span>\n\t<\/button>\n\t<div class=\"overflow-hidden transition-all duration-200 dropdown__panel max-h-0\" data-target=\"accordion.panel\" style=\"\"\">\n\t\t<div class=\"mt-1 text-black faq-answer\">\n          <p>Alguien de nuestro equipo se pondr\u00e1 en contacto contigo entre 48 a 72 horas.<\/p>\n\n        <\/div>\n\t<\/div>\n<\/div>\n      <\/div>\n<\/div>\n<h2>Preguntas sobre c\u00f3mo obtener ayuda:<\/h2>\n\n<div class=\"wp-block-frequently-asked-questions\">\n  <div class=\"space-y-4\" data-controller=\"accordion\" data-accordion-reset>\n              <div class=\"dropdown text-black\" data-target=\"accordion.dropdown\">\n\t<button class=\"flex w-full text-left dropdown__heading\" data-action=\"accordion#toggle\">\n\t\t<span class=\"dropdown__arrow\" data-target=\"accordion.caret\" >\n\t\t\t<svg class=\"h-4 sm:h-5 mt-1 sm:mt-0 text-black fill-current\" xmlns=\"http:\/\/www.w3.org\/2000\/svg\" fill=\"none\" viewBox=\"0 0 24 24\">\n  <defs\/>\n  <path fill=\"currentColor\" d=\"M11 11V5h2v6h6v2h-6v6h-2v-6H5v-2h6z\"\/>\n<\/svg>\t\t<\/span>\n\t\t<span class=\"ml-4\"><div class=\"text-black faq-question\">\u00bfQu\u00e9 tipo de ayuda est\u00e1 disponible?<\/div><\/span>\n\t<\/button>\n\t<div class=\"overflow-hidden transition-all duration-200 dropdown__panel max-h-0\" data-target=\"accordion.panel\" style=\"\"\">\n\t\t<div class=\"mt-1 text-black faq-answer\">\n          <p>What kind of help is available?<\/p>\n<ul>\n<li style=\"font-weight: 400;\" aria-level=\"1\"><span style=\"font-weight: 400;\">Afterschool and Recreational Programs<\/span><\/li>\n<li style=\"font-weight: 400;\" aria-level=\"1\"><span style=\"font-weight: 400;\">Counseling\u00a0\u00a0<\/span><\/li>\n<li style=\"font-weight: 400;\" aria-level=\"1\"><span style=\"font-weight: 400;\">Childcare\/Preschool<\/span><\/li>\n<li style=\"font-weight: 400;\" aria-level=\"1\"><span style=\"font-weight: 400;\">Developmental Delays Assistance<\/span><\/li>\n<li style=\"font-weight: 400;\" aria-level=\"1\"><span style=\"font-weight: 400;\">Employment Assistance\u00a0\u00a0<\/span><\/li>\n<li style=\"font-weight: 400;\" aria-level=\"1\"><span style=\"font-weight: 400;\">Financial Resources\u00a0\u00a0<\/span><\/li>\n<li style=\"font-weight: 400;\" aria-level=\"1\"><span style=\"font-weight: 400;\">Heath Care Assistance<\/span><\/li>\n<li style=\"font-weight: 400;\" aria-level=\"1\"><span style=\"font-weight: 400;\">Housing Resources<\/span><\/li>\n<li style=\"font-weight: 400;\" aria-level=\"1\"><span style=\"font-weight: 400;\">Intimate Partner Violence Prevention Resources<\/span><\/li>\n<li style=\"font-weight: 400;\" aria-level=\"1\"><span style=\"font-weight: 400;\">Parenting and Support Groups\u00a0\u00a0<\/span><\/li>\n<li style=\"font-weight: 400;\" aria-level=\"1\"><span style=\"font-weight: 400;\">Project Fatherhood\u00a0<\/span><\/li>\n<\/ul>\n<p>For more information about these services, please visit the <span style=\"text-decoration: underline;\"><a href=\"https:\/\/estasbien.la\/resource\/que-servicios-y-recursos-hay-en-mi-comunidad\/\">What Services &amp; Resources Are Available In My Community?<\/a><\/span> resource.<\/p>\n\n        <\/div>\n\t<\/div>\n<\/div>\n          <div class=\"dropdown text-black\" data-target=\"accordion.dropdown\">\n\t<button class=\"flex w-full text-left dropdown__heading\" data-action=\"accordion#toggle\">\n\t\t<span class=\"dropdown__arrow\" data-target=\"accordion.caret\" >\n\t\t\t<svg class=\"h-4 sm:h-5 mt-1 sm:mt-0 text-black fill-current\" xmlns=\"http:\/\/www.w3.org\/2000\/svg\" fill=\"none\" viewBox=\"0 0 24 24\">\n  <defs\/>\n  <path fill=\"currentColor\" d=\"M11 11V5h2v6h6v2h-6v6h-2v-6H5v-2h6z\"\/>\n<\/svg>\t\t<\/span>\n\t\t<span class=\"ml-4\"><div class=\"text-black faq-question\">\u00bfC\u00f3mo es ir a terapia? <\/div><\/span>\n\t<\/button>\n\t<div class=\"overflow-hidden transition-all duration-200 dropdown__panel max-h-0\" data-target=\"accordion.panel\" style=\"\"\">\n\t\t<div class=\"mt-1 text-black faq-answer\">\n          <p>Dar este primer paso puede cambiar tu vida, pero es dif\u00edcil saber qu\u00e9 esperar. Debido a COVID-19, la mayor\u00eda de las sesiones de asesoramiento se hacen por video o por tel\u00e9fono, haciendo que sean m\u00e1s f\u00e1ciles de hacer por tales medios. El asesoramiento es m\u00e1s eficaz cuando te sientes seguro\/a y c\u00f3modo\/a. Durante la consulta o la primera sesi\u00f3n, te animamos a que hagas preguntas a tu terapeuta sobre c\u00f3mo funciona el proceso y lo que podr\u00eda esperar de tal proceso.<\/p>\n\n        <\/div>\n\t<\/div>\n<\/div>\n          <div class=\"dropdown text-black\" data-target=\"accordion.dropdown\">\n\t<button class=\"flex w-full text-left dropdown__heading\" data-action=\"accordion#toggle\">\n\t\t<span class=\"dropdown__arrow\" data-target=\"accordion.caret\" >\n\t\t\t<svg class=\"h-4 sm:h-5 mt-1 sm:mt-0 text-black fill-current\" xmlns=\"http:\/\/www.w3.org\/2000\/svg\" fill=\"none\" viewBox=\"0 0 24 24\">\n  <defs\/>\n  <path fill=\"currentColor\" d=\"M11 11V5h2v6h6v2h-6v6h-2v-6H5v-2h6z\"\/>\n<\/svg>\t\t<\/span>\n\t\t<span class=\"ml-4\"><div class=\"text-black faq-question\">\u00bfEs confidencial lo que comparto en la terapia?<\/div><\/span>\n\t<\/button>\n\t<div class=\"overflow-hidden transition-all duration-200 dropdown__panel max-h-0\" data-target=\"accordion.panel\" style=\"\"\">\n\t\t<div class=\"mt-1 text-black faq-answer\">\n          <p>De acuerdo con las regulaciones federales y estatales, tu informaci\u00f3n personal de salud es confidencial; sin embargo, hay importantes excepciones. Cuando los servicios comienzan, se te dar\u00e1 un \u201caviso sobre la privacidad del cliente\u201d y tendr\u00e1s la oportunidad de hacer preguntas.<\/p>\n\n        <\/div>\n\t<\/div>\n<\/div>\n          <div class=\"dropdown text-black\" data-target=\"accordion.dropdown\">\n\t<button class=\"flex w-full text-left dropdown__heading\" data-action=\"accordion#toggle\">\n\t\t<span class=\"dropdown__arrow\" data-target=\"accordion.caret\" >\n\t\t\t<svg class=\"h-4 sm:h-5 mt-1 sm:mt-0 text-black fill-current\" xmlns=\"http:\/\/www.w3.org\/2000\/svg\" fill=\"none\" viewBox=\"0 0 24 24\">\n  <defs\/>\n  <path fill=\"currentColor\" d=\"M11 11V5h2v6h6v2h-6v6h-2v-6H5v-2h6z\"\/>\n<\/svg>\t\t<\/span>\n\t\t<span class=\"ml-4\"><div class=\"text-black faq-question\">Qu\u00e9 tal si algo amenaza mi vida y necesito apoyo inmediato?:<\/div><\/span>\n\t<\/button>\n\t<div class=\"overflow-hidden transition-all duration-200 dropdown__panel max-h-0\" data-target=\"accordion.panel\" style=\"\"\">\n\t\t<div class=\"mt-1 text-black faq-answer\">\n          <p><span style=\"font-weight: 400;\">Usa los recursos para ayudarte a ti mismo, tus amistades, tus familiares, o alguien que cuidas.<\/span><\/p>\n<p><b>Servicios de Emergencia M\u00e9dica &#8211; 911<\/b><br \/>\n<span style=\"font-weight: 400;\">Si la situaci\u00f3n amenaza tu vida y bienestar, obt\u00e9n ayuda inmediatamente y marca el 911, disponible 24 horas al d\u00eda.<\/span><\/p>\n<p><b>L\u00ednea Nacional De Prevenci\u00f3n Del Suicidio<\/b><br \/>\n<b> <\/b><span style=\"font-weight: 400;\">Si tu o alguien que conoces es suicida o tiene dificultades emocionales, comun\u00edcate con la l\u00ednea <a href=\"https:\/\/suicidepreventionlifeline.org\/help-yourself\/en-espanol\/\">Nacional de Prevenci\u00f3n del Suicidio<\/a> (National Suicide Prevention Lifeline).<\/span><br \/>\n<span style=\"font-weight: 400;\">\u00a0La l\u00ednea de vida proporciona apoyo gratuito y confidencial las 24 horas al d\u00eda, 7 d\u00edas a la semana, para personas en peligro, as\u00ed como recursos de prevenci\u00f3n y crisis para ti o tus seres queridos, y ofrece las mejores pr\u00e1cticas profesionales. Ingl\u00e9s: 1-800-273-8255 | Espa\u00f1ol: 1-888-628-9454.<\/span><\/p>\n<p><b>L\u00ednea de Violencia Dom\u00e9stica<\/b><br \/>\n<span style=\"font-weight: 400;\">Todos merecen relaciones libres de violencia dom\u00e9stica. Si tu o alguien que conoces necesita ayuda, comun\u00edcate con <a href=\"https:\/\/espanol.thehotline.org\/\">la l\u00ednea directa de violencia dom\u00e9stica<\/a>. Ingl\u00e9s y espa\u00f1ol: 1-800-799-SAFE (7233).<\/span><\/p>\n<p><span lang=\"es-419\"><strong>Departamento de Salud Mental del Condado de Los Angeles<\/strong> <\/span><br \/>\n<span lang=\"es-419\">La linea de ayuda del Departamento de Salud Mental del Condado de Los Angeles esta disponible las 24 horas del dia, 7 dias a la semana en (800)854-7771 o haga <a href=\"https:\/\/dmh.lacounty.gov\/get-help-now\/\" target=\"_blank\" rel=\"noopener\" data-saferedirecturl=\"https:\/\/www.google.com\/url?q=https:\/\/dmh.lacounty.gov\/get-help-now\/&amp;source=gmail&amp;ust=1618012419656000&amp;usg=AFQjCNEE3cOp2EXeCnWyxXp4kI1c-aFpjQ\">clic aqui<\/a>.<\/span><\/p>\n\n        <\/div>\n\t<\/div>\n<\/div>\n      <\/div>\n<\/div>\n<h2>Tienes alguna pregunta que no ves aqu\u00ed? <\/h2>\n\n\t<p class=\"mb-4\">\u00a1Env\u00edenos un correo electr\u00f3nico a hola@estasbien.la y nos pondremos en contacto con usted con una respuesta!<\/p>\n\n\t    <a href=\"https:\/\/www.instagram.com\/yougood_la\/\" class=\"pr-7\" target=\"_blank\" rel=\"noopener\" alt=\"Instagram\">\n      <i class=\"fab fa-2x fa-instagram\"><\/i>    <\/a>\n\t    <a href=\"https:\/\/www.facebook.com\/yougoodla\" class=\"pr-7\" target=\"_blank\" rel=\"noopener\" alt=\"Facebook\">\n      <i class=\"fab fa-2x fa-facebook-square\"><\/i>    <\/a>\n\t    <a href=\"https:\/\/twitter.com\/yougood_la\" class=\"pr-7\" target=\"_blank\" rel=\"noopener\" alt=\"Twitter\">\n      <i class=\"fab fa-2x fa-twitter\"><\/i>    <\/a>\n\t\n<div class=\"wp-block-group\"><div class=\"wp-block-group__inner-container is-layout-flow wp-block-group-is-layout-flow\">\n<div class=\"wp-block-group\"><div class=\"wp-block-group__inner-container is-layout-flow wp-block-group-is-layout-flow\"><div class=\"wp-block-group is-layout-flow wp-block-group-is-layout-flow\">\r\n<div class=\"wp-block-group__inner-container\"><\/div>\r\n<\/div><\/div><\/div>\n<\/div><\/div>\n\n<p><\/p>\n","protected":false},"excerpt":{"rendered":"<p>Preguntas Frecuentes<\/p>\n","protected":false},"author":2,"featured_media":0,"parent":0,"menu_order":3,"comment_status":"closed","ping_status":"closed","template":"page-get-support.blade.php","meta":{"inline_featured_image":false,"footnotes":""},"class_list":["post-615","page","type-page","status-publish","hentry"],"acf":[],"_links":{"self":[{"href":"https:\/\/yougood.la\/es\/wp-json\/wp\/v2\/pages\/615","targetHints":{"allow":["GET"]}}],"collection":[{"href":"https:\/\/yougood.la\/es\/wp-json\/wp\/v2\/pages"}],"about":[{"href":"https:\/\/yougood.la\/es\/wp-json\/wp\/v2\/types\/page"}],"author":[{"embeddable":true,"href":"https:\/\/yougood.la\/es\/wp-json\/wp\/v2\/users\/2"}],"replies":[{"embeddable":true,"href":"https:\/\/yougood.la\/es\/wp-json\/wp\/v2\/comments?post=615"}],"version-history":[{"count":3,"href":"https:\/\/yougood.la\/es\/wp-json\/wp\/v2\/pages\/615\/revisions"}],"predecessor-version":[{"id":731,"href":"https:\/\/yougood.la\/es\/wp-json\/wp\/v2\/pages\/615\/revisions\/731"}],"wp:attachment":[{"href":"https:\/\/yougood.la\/es\/wp-json\/wp\/v2\/media?parent=615"}],"curies":[{"name":"wp","href":"https:\/\/api.w.org\/{rel}","templated":true}]}}