{"id":609,"date":"2021-04-07T20:02:48","date_gmt":"2021-04-07T20:02:48","guid":{"rendered":"http:\/\/yougood.la\/unete-a-nosotros\/"},"modified":"2021-04-20T20:51:41","modified_gmt":"2021-04-20T20:51:41","slug":"unete-a-nosotros","status":"publish","type":"page","link":"https:\/\/yougood.la\/es\/unete-a-nosotros\/","title":{"rendered":"\u00danete a Nosotros"},"content":{"rendered":"\n<h1 class=\"wp-block-heading\">Unete a Nosotros<\/h1>\n\n<p>Mantente informado\/a sobre la campa\u00f1a, comp\u00e1rtela con un ser querido, recibe ayuda para ti o para tu hijo\/a, imprime materiales para compartir en tu escuela o lugar de trabajo, o inscr\u00edbete para que tu organizaci\u00f3n o empresa se una a la coalici\u00f3n de \u00bfEst\u00e1s Bien?<\/p>\n\n<p>Sea cual sea la manera en que quieras participar, estar\u00e1s ayudando a romper el ciclo del trauma y a crear resiliencia en nuestras comunidades. <\/p>\n\n<p><p><span style=\"font-weight: 400;\" data-mce-style=\"font-weight: 400;\">Si est\u00e1s interesado\/a en buscar servicios, visita nuestra p\u00e1gina para <a href=\"http:\/\/www.yougood.la\/es\/getsupport\" data-mce-href=\"http:\/\/www.yougood.la\/es\/getsupport\">Recibir Apoyo<\/a>. <\/span><\/p><\/p>\n<h2>S\u00edguenos en las Redes Sociales <\/h2>\n\n\n\t    <a href=\"https:\/\/www.instagram.com\/yougood_la\/\" class=\"pr-7\" target=\"_blank\" rel=\"noopener\" alt=\"Instagram\">\n      <i class=\"fab fa-2x fa-instagram\"><\/i>    <\/a>\n\t    <a href=\"https:\/\/www.facebook.com\/yougoodla\" class=\"pr-7\" target=\"_blank\" rel=\"noopener\" alt=\"Facebook\">\n      <i class=\"fab fa-2x fa-facebook-square\"><\/i>    <\/a>\n\t    <a href=\"https:\/\/twitter.com\/yougood_la\" class=\"pr-7\" target=\"_blank\" rel=\"noopener\" alt=\"Twitter\">\n      <i class=\"fab fa-2x fa-twitter\"><\/i>    <\/a>\n\t<h2>Comparte los Recursos de \u00bfEst\u00e1s Bien?<\/h2>\n\n<p>Puedes imprimir o compartir cualquiera de los recursos que aparecen a continuaci\u00f3n, ya sea con tu familia y amigos o en tu escuela, lugar de trabajo u organizaci\u00f3n. \u00a1Visita la p\u00e1gina de Herramientas de Autocuidado para ver m\u00e1s recursos!<\/p>\n\n<div class=\"wp-block-resources-links\">\n      <ul class=\"mt-5 resources-links\">\n          <li class=\"flex\">\n        <svg class=\"h-5 text-black fill-current sm:mt-1 mr-1.5\" fill=\"none\" xmlns=\"http:\/\/www.w3.org\/2000\/svg\" viewBox=\"0 0 26 27\"><path d=\"M17 10.9V19H19V7H7.2v2.2h8.2l-9.3 9.3 1.5 1.6 9.4-9.3z\" fill=\"currentColor\"\/><\/svg> \n        <a href=\"https:\/\/estasbien.la\/resource\/herramientas-para-el-autocuidado-7-formas-de-combatir-el-estres-en-el-momento\/\" target=\"\" rel=\"noopener\" alt=\"Herramientas para el Autocuidado:  7 Formas de Combatir el Estr\u00e9s en el Momento \" class=\"underline text-base sm:text-lg\">Herramientas para el Autocuidado:  7 Formas de Combatir el Estr\u00e9s en el Momento <\/a>\n      <\/li>\n          <li class=\"flex\">\n        <svg class=\"h-5 text-black fill-current sm:mt-1 mr-1.5\" fill=\"none\" xmlns=\"http:\/\/www.w3.org\/2000\/svg\" viewBox=\"0 0 26 27\"><path d=\"M17 10.9V19H19V7H7.2v2.2h8.2l-9.3 9.3 1.5 1.6 9.4-9.3z\" fill=\"currentColor\"\/><\/svg> \n        <a href=\"https:\/\/estasbien.la\/el-bienestar-emocional\/\" target=\"\" rel=\"noopener\" alt=\"Bienestar Emocional\" class=\"underline text-base sm:text-lg\">Bienestar Emocional<\/a>\n      <\/li>\n          <li class=\"flex\">\n        <svg class=\"h-5 text-black fill-current sm:mt-1 mr-1.5\" fill=\"none\" xmlns=\"http:\/\/www.w3.org\/2000\/svg\" viewBox=\"0 0 26 27\"><path d=\"M17 10.9V19H19V7H7.2v2.2h8.2l-9.3 9.3 1.5 1.6 9.4-9.3z\" fill=\"currentColor\"\/><\/svg> \n        <a href=\"https:\/\/estasbien.la\/recibir-apoyo\/\" target=\"\" rel=\"noopener\" alt=\"Recibir Apoyo\" class=\"underline text-base sm:text-lg\">Recibir Apoyo<\/a>\n      <\/li>\n        <\/ul>\n  \n  <div>\n    \n  <\/div>\n<\/div>\n\n\n<h2 class=\"wp-block-heading\">\u00danete a la Coalici\u00f3n de Organizaciones de \u00bfEst\u00e1s Bien?<\/h2>\n\n<p>Si tu organizaci\u00f3n cree en la misi\u00f3n de la campa\u00f1a \u00bfEst\u00e1s Bien?, nos encantar\u00eda que te pongas en contacto con nosotros. Nos pondremos en contacto contigo para informarte sobre eventos, oportunidades para asociarnos y otras formas de trabajar juntos para apoyar a nuestras comunidades y romper el ciclo del trauma para nosotros y nuestros hijos\/as. <\/p>\n\n<div class=\"wp-block-buttons is-layout-flex wp-block-buttons-is-layout-flex\"><\/div>\n<script type=\"text\/javascript\">var gform;gform||(document.addEventListener(\"gform_main_scripts_loaded\",function(){gform.scriptsLoaded=!0}),window.addEventListener(\"DOMContentLoaded\",function(){gform.domLoaded=!0}),gform={domLoaded:!1,scriptsLoaded:!1,initializeOnLoaded:function(o){gform.domLoaded&&gform.scriptsLoaded?o():!gform.domLoaded&&gform.scriptsLoaded?window.addEventListener(\"DOMContentLoaded\",o):document.addEventListener(\"gform_main_scripts_loaded\",o)},hooks:{action:{},filter:{}},addAction:function(o,n,r,t){gform.addHook(\"action\",o,n,r,t)},addFilter:function(o,n,r,t){gform.addHook(\"filter\",o,n,r,t)},doAction:function(o){gform.doHook(\"action\",o,arguments)},applyFilters:function(o){return gform.doHook(\"filter\",o,arguments)},removeAction:function(o,n){gform.removeHook(\"action\",o,n)},removeFilter:function(o,n,r){gform.removeHook(\"filter\",o,n,r)},addHook:function(o,n,r,t,i){null==gform.hooks[o][n]&&(gform.hooks[o][n]=[]);var e=gform.hooks[o][n];null==i&&(i=n+\"_\"+e.length),gform.hooks[o][n].push({tag:i,callable:r,priority:t=null==t?10:t})},doHook:function(n,o,r){var t;if(r=Array.prototype.slice.call(r,1),null!=gform.hooks[n][o]&&((o=gform.hooks[n][o]).sort(function(o,n){return o.priority-n.priority}),o.forEach(function(o){\"function\"!=typeof(t=o.callable)&&(t=window[t]),\"action\"==n?t.apply(null,r):r[0]=t.apply(null,r)})),\"filter\"==n)return r[0]},removeHook:function(o,n,t,i){var r;null!=gform.hooks[o][n]&&(r=(r=gform.hooks[o][n]).filter(function(o,n,r){return!!(null!=i&&i!=o.tag||null!=t&&t!=o.priority)}),gform.hooks[o][n]=r)}});<\/script>\n                <div class='gf_browser_gecko gform_wrapper gform_legacy_markup_wrapper' id='gform_wrapper_5' ><div id='gf_5' class='gform_anchor' tabindex='-1'><\/div>\n                        <div class='gform_heading'>\n                            <h3 class=\"gform_title\">Join Coalition<\/h3>\n                            <span class='gform_description'><\/span>\n                        <\/div><form method='post' enctype='multipart\/form-data' target='gform_ajax_frame_5' id='gform_5'  action='\/es\/wp-json\/wp\/v2\/pages\/609#gf_5' >\n                        <div class='gform_body gform-body'><ul id='gform_fields_5' class='gform_fields top_label form_sublabel_below description_below'><li id=\"field_5_1\" class=\"gfield w-full md:w-1\/2 gfield_contains_required field_sublabel_below field_description_below gfield_visibility_visible\" ><label class='gfield_label' for='input_5_1' >Organization Name<span class=\"gfield_required\"><span class=\"gfield_required gfield_required_asterisk\">*<\/span><\/span><\/label><div class='ginput_container ginput_container_text'><input name='input_1' id='input_5_1' type='text' value='' class='medium'     aria-required=\"true\" aria-invalid=\"false\"   \/> <\/div><\/li><li id=\"field_5_2\" class=\"gfield w-full md:w-1\/2 gfield_contains_required field_sublabel_below field_description_below gfield_visibility_visible\" ><label class='gfield_label' for='input_5_2' >Contact Name<span class=\"gfield_required\"><span class=\"gfield_required gfield_required_asterisk\">*<\/span><\/span><\/label><div class='ginput_container ginput_container_text'><input name='input_2' id='input_5_2' type='text' value='' class='medium'     aria-required=\"true\" aria-invalid=\"false\"   \/> <\/div><\/li><li id=\"field_5_3\" class=\"gfield w-full md:w-1\/2 gfield_contains_required field_sublabel_below field_description_below gfield_visibility_visible\" ><label class='gfield_label' for='input_5_3' >Phone Number<span class=\"gfield_required\"><span class=\"gfield_required gfield_required_asterisk\">*<\/span><\/span><\/label><div class='ginput_container ginput_container_phone'><input name='input_3' id='input_5_3' type='text' value='' class='medium'   aria-required=\"true\" aria-invalid=\"false\"   \/><\/div><\/li><li id=\"field_5_4\" class=\"gfield w-full md:w-1\/2 gfield_contains_required field_sublabel_below field_description_below gfield_visibility_visible\" ><label class='gfield_label' for='input_5_4' >Email Address<span class=\"gfield_required\"><span class=\"gfield_required gfield_required_asterisk\">*<\/span><\/span><\/label><div class='ginput_container ginput_container_email'>\n                            <input name='input_4' id='input_5_4' type='text' value='' class='medium'    aria-required=\"true\" aria-invalid=\"false\"  \/>\n                        <\/div><\/li><li id=\"field_5_5\" class=\"gfield gfield--width-full gform_hidden field_sublabel_below field_description_below gfield_visibility_visible\" ><div class='ginput_container ginput_container_text'><input name='input_5' id='input_5_5' type='hidden' class='gform_hidden'  aria-invalid=\"false\" value='ES' \/><\/div><\/li><\/ul><\/div>\n        <div class='gform_footer top_label'> <input type='submit' id='gform_submit_button_5' class='gform_button button' value='Submit'  onclick='if(window[\"gf_submitting_5\"]){return false;}  window[\"gf_submitting_5\"]=true;  ' onkeypress='if( event.keyCode == 13 ){ if(window[\"gf_submitting_5\"]){return false;} window[\"gf_submitting_5\"]=true;  jQuery(\"#gform_5\").trigger(\"submit\",[true]); }' \/> <input type='hidden' name='gform_ajax' value='form_id=5&amp;title=1&amp;description=1&amp;tabindex=0' \/>\n            <input type='hidden' class='gform_hidden' name='is_submit_5' value='1' \/>\n            <input type='hidden' class='gform_hidden' name='gform_submit' value='5' \/>\n            \n            <input type='hidden' class='gform_hidden' name='gform_unique_id' value='' \/>\n            <input type='hidden' class='gform_hidden' name='state_5' value='WyJbXSIsIjE0Y2Q4YTQ2MTVkNmJlM2E2YjkyNDFmMTE5ODQwNWU1Il0=' \/>\n            <input type='hidden' class='gform_hidden' name='gform_target_page_number_5' id='gform_target_page_number_5' value='0' \/>\n            <input type='hidden' class='gform_hidden' name='gform_source_page_number_5' id='gform_source_page_number_5' value='1' \/>\n            <input type='hidden' name='gform_field_values' value='' \/>\n            \n        <\/div>\n                        <\/form>\n                        <\/div>\n                <iframe style='display:none;width:0px;height:0px;' src='about:blank' name='gform_ajax_frame_5' id='gform_ajax_frame_5' title='This iframe contains the logic required to handle Ajax powered Gravity Forms.'><\/iframe>\n                <script>\ngform.initializeOnLoaded( function() {gformInitSpinner( 5, 'https:\/\/yougood.la\/app\/plugins\/gravityforms\/images\/spinner.svg' );jQuery('#gform_ajax_frame_5').on('load',function(){var contents = jQuery(this).contents().find('*').html();var is_postback = contents.indexOf('GF_AJAX_POSTBACK') >= 0;if(!is_postback){return;}var form_content = jQuery(this).contents().find('#gform_wrapper_5');var is_confirmation = jQuery(this).contents().find('#gform_confirmation_wrapper_5').length > 0;var is_redirect = contents.indexOf('gformRedirect(){') >= 0;var is_form = form_content.length > 0 && ! is_redirect && ! is_confirmation;var mt = parseInt(jQuery('html').css('margin-top'), 10) + parseInt(jQuery('body').css('margin-top'), 10) + 100;if(is_form){jQuery('#gform_wrapper_5').html(form_content.html());if(form_content.hasClass('gform_validation_error')){jQuery('#gform_wrapper_5').addClass('gform_validation_error');} else {jQuery('#gform_wrapper_5').removeClass('gform_validation_error');}setTimeout( function() { \/* delay the scroll by 50 milliseconds to fix a bug in chrome *\/ jQuery(document).scrollTop(jQuery('#gform_wrapper_5').offset().top - mt); }, 50 );if(window['gformInitDatepicker']) {gformInitDatepicker();}if(window['gformInitPriceFields']) {gformInitPriceFields();}var current_page = jQuery('#gform_source_page_number_5').val();gformInitSpinner( 5, 'https:\/\/yougood.la\/app\/plugins\/gravityforms\/images\/spinner.svg' );jQuery(document).trigger('gform_page_loaded', [5, current_page]);window['gf_submitting_5'] = false;}else if(!is_redirect){var confirmation_content = jQuery(this).contents().find('.GF_AJAX_POSTBACK').html();if(!confirmation_content){confirmation_content = contents;}setTimeout(function(){jQuery('#gform_wrapper_5').replaceWith(confirmation_content);jQuery(document).scrollTop(jQuery('#gf_5').offset().top - mt);jQuery(document).trigger('gform_confirmation_loaded', [5]);window['gf_submitting_5'] = false;wp.a11y.speak(jQuery('#gform_confirmation_message_5').text());}, 50);}else{jQuery('#gform_5').append(contents);if(window['gformRedirect']) {gformRedirect();}}jQuery(document).trigger('gform_post_render', [5, current_page]);} );} );\n<\/script>\n\n\n<p><\/p>\n","protected":false},"excerpt":{"rendered":"<p>Unete a Nosotros Mantente informado\/a sobre la campa\u00f1a, comp\u00e1rtela con un ser querido, recibe ayuda para ti o para tu hijo\/a, imprime materiales para compartir en tu escuela o lugar de trabajo, o inscr\u00edbete para que tu organizaci\u00f3n o empresa se una a la coalici\u00f3n de \u00bfEst\u00e1s Bien? Sea cual sea la manera en que &hellip; <a href=\"https:\/\/yougood.la\/es\/unete-a-nosotros\/\">Continued<\/a><\/p>\n","protected":false},"author":1,"featured_media":0,"parent":0,"menu_order":2,"comment_status":"closed","ping_status":"closed","template":"page-join-us.blade.php","meta":{"inline_featured_image":false,"footnotes":""},"class_list":["post-609","page","type-page","status-publish","hentry"],"acf":[],"_links":{"self":[{"href":"https:\/\/yougood.la\/es\/wp-json\/wp\/v2\/pages\/609","targetHints":{"allow":["GET"]}}],"collection":[{"href":"https:\/\/yougood.la\/es\/wp-json\/wp\/v2\/pages"}],"about":[{"href":"https:\/\/yougood.la\/es\/wp-json\/wp\/v2\/types\/page"}],"author":[{"embeddable":true,"href":"https:\/\/yougood.la\/es\/wp-json\/wp\/v2\/users\/1"}],"replies":[{"embeddable":true,"href":"https:\/\/yougood.la\/es\/wp-json\/wp\/v2\/comments?post=609"}],"version-history":[{"count":3,"href":"https:\/\/yougood.la\/es\/wp-json\/wp\/v2\/pages\/609\/revisions"}],"predecessor-version":[{"id":729,"href":"https:\/\/yougood.la\/es\/wp-json\/wp\/v2\/pages\/609\/revisions\/729"}],"wp:attachment":[{"href":"https:\/\/yougood.la\/es\/wp-json\/wp\/v2\/media?parent=609"}],"curies":[{"name":"wp","href":"https:\/\/api.w.org\/{rel}","templated":true}]}}